{"id":24,"date":"2025-07-08T15:38:39","date_gmt":"2025-07-08T15:38:39","guid":{"rendered":"https:\/\/strandversteck-binz.de\/?page_id=24"},"modified":"2026-03-17T16:16:42","modified_gmt":"2026-03-17T16:16:42","slug":"urlaub-in-binz","status":"publish","type":"page","link":"https:\/\/strandversteck-binz.de\/","title":{"rendered":"Unser Appartment"},"content":{"rendered":"\n<div class=\"wp-block-columns alignfull is-layout-flex wp-container-core-columns-is-layout-9d6595d7 wp-block-columns-is-layout-flex\">\n<div class=\"wp-block-column is-layout-flow wp-block-column-is-layout-flow\" style=\"flex-basis:100%\">\n<figure class=\"wp-block-image alignwide size-large\"><img loading=\"lazy\" decoding=\"async\" width=\"1024\" height=\"429\" src=\"https:\/\/strandversteck-binz.de\/wp-content\/uploads\/2025\/07\/Binz-Seebruecke-1024x429.jpg\" alt=\"\" class=\"wp-image-185\" srcset=\"https:\/\/strandversteck-binz.de\/wp-content\/uploads\/2025\/07\/Binz-Seebruecke-1024x429.jpg 1024w, https:\/\/strandversteck-binz.de\/wp-content\/uploads\/2025\/07\/Binz-Seebruecke-300x126.jpg 300w, https:\/\/strandversteck-binz.de\/wp-content\/uploads\/2025\/07\/Binz-Seebruecke-768x322.jpg 768w, https:\/\/strandversteck-binz.de\/wp-content\/uploads\/2025\/07\/Binz-Seebruecke-1536x643.jpg 1536w, https:\/\/strandversteck-binz.de\/wp-content\/uploads\/2025\/07\/Binz-Seebruecke-1140x477.jpg 1140w, https:\/\/strandversteck-binz.de\/wp-content\/uploads\/2025\/07\/Binz-Seebruecke.jpg 2016w\" sizes=\"auto, (max-width: 1024px) 100vw, 1024px\" \/><\/figure>\n<\/div>\n<\/div>\n\n\n\n<p><strong>Willkommen im \u201eStrandversteck\u201c in der Villa Allegra<\/strong><\/p>\n\n\n\n<p class=\"has-text-align-left\">Die <strong>Ferienwohnung &#8222;Strandversteck&#8220;<\/strong> in Binz ist eine beliebte Unterkunft, um die Ostsee und den Ort zu erkunden. Sie bietet eine komfortable Ausstattung und eine gute Lage. Die Wohnung ist ideal f\u00fcr Paare, kleine Familien oder Gruppen bis zu 3 Personen, die einen erholsamen Urlaub in Binz verbringen m\u00f6chten.<\/p>\n\n\n\n<p>Das <strong>Appartement<\/strong> befindet sich in der<strong> Villa Allegra<\/strong> an der Paulstrasse, Ecke Zeppelinstrasse im Herzen des Ostseebades Binz. Den feinen Ostseestrand, die Promenade und Seebr\u00fccke erreichen Sie in rund 2 Minuten. Restaurants, Fu\u00dfg\u00e4ngerzone und Shoppingm\u00f6glichkeiten gibt es in unmittelbarer N\u00e4he.<\/p>\n\n\n\n<p>Die ca. 40m\u00b2 gro\u00dfe Zwei-Zimmer Wohnung \u201eStrandversteck\u201c befindet sich im ersten Obergescho\u00df. Sie ist modern eingerichtet und f\u00fcr die Belegung mit bis zu 3 Personen geeignet. Das Geb\u00e4ude ist mit einem Lift ausgestattet.<\/p>\n\n\n\n<p class=\"has-text-align-left\">Im <strong>Wohnzimmer <\/strong>erwartet Sie eine moderne offene K\u00fcche mit Granitarbeitsplatte, Einbaumarkenger\u00e4ten (Geschirrsp\u00fcler, Backofen, Cerankochfeld, K\u00fchlschrank mit Gefrierfach) und entsprechenden Kleinger\u00e4ten wie Kaffeemaschine, Nespressomaschine, Toaster, Waffeleisen und Wasserkocher. Zu den weiteren Annehmlichkeiten des Wohnraumes geh\u00f6ren ein Flachbildfernseher und der kostenfreie Internetzugang \u00fcber WLAN. Die Schlafcouch bietet reichlich Platz f\u00fcr eine 3. Person.<\/p>\n\n\n\n<p class=\"has-text-align-left\">Das <strong>Schlafzimmer<\/strong> verf\u00fcgt \u00fcber ein komfortables 1,80 x 2,00 m gro\u00dfes Boxspringbett, einen gro\u00dfen Flachbildfernseher sowie einen Kleiderschrank und eine gro\u00dfz\u00fcgige Kommode.<\/p>\n\n\n\n<p class=\"has-text-align-left\">Das moderne <strong>Natursteinbad<\/strong> ist ausgestattet mit einer ebenerdigen Dusche, einer Fu\u00dfbodenheizung, einem fest installierten F\u00f6n, einem Handtuchtrockner und einem Kosmetikspiegel.<\/p>\n\n\n\n<p class=\"has-text-align-left\">Der gro\u00dfe <strong>Balkon<\/strong> ist vom Wohn- und Schlafzimmer aus begehbar. Er ist komplett \u00fcberdacht und windgesch\u00fctzt platziert. Hier k\u00f6nnen Sie Ihr Fr\u00fchst\u00fcck bei Morgensonne ausgiebig genie\u00dfen.<\/p>\n\n\n\n<figure class=\"wp-block-image size-large\"><img loading=\"lazy\" decoding=\"async\" width=\"1024\" height=\"531\" src=\"https:\/\/strandversteck-binz.de\/wp-content\/uploads\/2026\/02\/Wohnzimmer_Standversteck_in_Binz2-1024x531.jpg\" alt=\"Wohnzimmer\" class=\"wp-image-551\" srcset=\"https:\/\/strandversteck-binz.de\/wp-content\/uploads\/2026\/02\/Wohnzimmer_Standversteck_in_Binz2-1024x531.jpg 1024w, https:\/\/strandversteck-binz.de\/wp-content\/uploads\/2026\/02\/Wohnzimmer_Standversteck_in_Binz2-300x155.jpg 300w, https:\/\/strandversteck-binz.de\/wp-content\/uploads\/2026\/02\/Wohnzimmer_Standversteck_in_Binz2-768x398.jpg 768w, https:\/\/strandversteck-binz.de\/wp-content\/uploads\/2026\/02\/Wohnzimmer_Standversteck_in_Binz2-1536x796.jpg 1536w, https:\/\/strandversteck-binz.de\/wp-content\/uploads\/2026\/02\/Wohnzimmer_Standversteck_in_Binz2-2048x1061.jpg 2048w, https:\/\/strandversteck-binz.de\/wp-content\/uploads\/2026\/02\/Wohnzimmer_Standversteck_in_Binz2-1140x591.jpg 1140w\" sizes=\"auto, (max-width: 1024px) 100vw, 1024px\" \/><\/figure>\n\n\n\n<p class=\"has-text-align-left\">Im Haus befindet sich ein <strong>Saunabereich<\/strong> mit einer ca. 10m\u00b2 gro\u00dfen Sauna, einer Dusche und einem Ruhebereich mit Liegen<strong>.<\/strong> Die Nutzung ist kostenlos. So ist die Wohnung auch in der kalten Jahreszeit eine Reise wert.<\/p>\n\n\n\n<p>F\u00fcr Ihren PKW steht ein wohnungseigener <strong>Parkplatz<\/strong> direkt am Haus kostenfrei w\u00e4hrend Ihres Aufenthaltes zur Verf\u00fcgung (max. PKW H\u00f6he 2,10 m). Im Au\u00dfenbereich befindet sich ein \u00fcberdachter, abschlie\u00dfbarer Fahrradunterstellplatz (begrenzte Kapazit\u00e4t). Im Haus gibt es eine M\u00fcnzwaschmaschine und einen M\u00fcnztrockner. B\u00fcgelbrett und B\u00fcgeleisen stehen in der Wohnung f\u00fcr sie bereit.<\/p>\n\n\n\n<p class=\"has-text-align-center\"><strong>Wenn Sie f\u00fcr einen entspannten Urlaub in Binz eine Ferienwohnung mit komfortabler Ausstattung suchen, ist die Ferienwohnung &#8222;Strandversteck&#8220; eine sehr gute Wahl.<\/strong><\/p>\n\n\n\n<p>&nbsp;<\/p>\n\n\n\n<p class=\"has-text-align-center\"><strong>So k\u00f6nnen Sie buchen:<\/strong><\/p>\n\n\n\n<div class=\"wp-block-columns is-layout-flex wp-container-core-columns-is-layout-9d6595d7 wp-block-columns-is-layout-flex\">\n<div class=\"wp-block-column is-layout-flow wp-block-column-is-layout-flow\">\n<p style=\"text-align: center;\"><a href=\"https:\/\/www.ostsee-reisen.de\/ruegen\/binz\/409013\/1.html\" target=\"_blank\" rel=\"noopener\"><strong>1. Hier k\u00f6nnen Sie Ihre Wunschurlaubszeiten direkt anfragen:<\/strong><\/a><\/p>\n<p style=\"text-align: center;\"><a href=\"https:\/\/www.ostsee-reisen.de\/ruegen\/binz\/409013\/1.html\" target=\"_blank\" rel=\"noopener\">Sie werden \u00fcber den Buchungskalender zum externen Partner weitergeleitet. Hier sehen Sie alle Informationen zu Preisen und verf\u00fcgbaren Zeiten. Sie k\u00f6nnen hier Ihre Wunschurlaubszeiten direkt anfragen:<\/a><\/p>\n<p><a href=\"https:\/\/www.ostsee-reisen.de\/ruegen\/binz\/409013\/1.html\" target=\"_blank\" rel=\"noopener\"><img loading=\"lazy\" decoding=\"async\" class=\"wp-image-339 aligncenter\" src=\"https:\/\/strandversteck-binz.de\/wp-content\/uploads\/2025\/07\/Buchungskalender-249x300.png\" alt=\"\" width=\"117\" height=\"141\" srcset=\"https:\/\/strandversteck-binz.de\/wp-content\/uploads\/2025\/07\/Buchungskalender-249x300.png 249w, https:\/\/strandversteck-binz.de\/wp-content\/uploads\/2025\/07\/Buchungskalender.png 335w\" sizes=\"auto, (max-width: 117px) 100vw, 117px\" \/><\/a><\/p>\n<\/div>\n\n\n\n<div class=\"wp-block-column is-layout-flow wp-block-column-is-layout-flow\">\n<p style=\"text-align: center;\"><strong>2. Wenn Sie den pers\u00f6nlichen Kontakt w\u00fcnschen, k\u00f6nnen Sie uns gerne direkt anschreiben.<\/strong><\/p>\n<p style=\"text-align: center;\">Einfach eine Mail mit Ihren <strong>Buchungsw\u00fcnschen an \u201culrich.hacker@googlemail.com\u201c<\/strong> senden. Wir bearbeiten Ihre W\u00fcnsche gerne und zeitnah.<\/p>\n<\/div>\n<\/div>\n\n\n<p style=\"text-align: center;\"><strong>Bei offenen Fragen rufen Sie einfach gerne an oder schreiben Sie uns eine Nachricht \u00fcber WhatsApp.<\/strong><\/p>\n<p style=\"text-align: center;\"><strong>Telefon: 0171 \/ 9754701 \u2013 Ihr Ansprechpartner ist Ulrich Hacker.<\/strong><\/p>\n\n\n<p><\/p>\n","protected":false},"excerpt":{"rendered":"<p>Willkommen im \u201eStrandversteck\u201c in der Villa Allegra Die Ferienwohnung &#8222;Strandversteck&#8220; in Binz ist eine beliebte Unterkunft, um die Ostsee und den Ort zu erkunden. Sie bietet eine komfortable Ausstattung und eine gute Lage. Die Wohnung ist ideal f\u00fcr Paare, kleine Familien oder Gruppen bis zu 3 Personen, die einen erholsamen Urlaub in Binz verbringen m\u00f6chten. Das Appartement befindet sich in der Villa Allegra an der Paulstrasse, Ecke Zeppelinstrasse im Herzen des Ostseebades Binz. Den feinen Ostseestrand, die Promenade und Seebr\u00fccke erreichen Sie in rund 2 Minuten. Restaurants, Fu\u00dfg\u00e4ngerzone und Shoppingm\u00f6glichkeiten gibt es in unmittelbarer N\u00e4he. Die ca. 40m\u00b2 gro\u00dfe Zwei-Zimmer Wohnung \u201eStrandversteck\u201c befindet sich im ersten Obergescho\u00df. Sie ist modern eingerichtet und f\u00fcr die Belegung mit bis zu 3 Personen geeignet. Das Geb\u00e4ude ist mit einem Lift ausgestattet. Im Wohnzimmer erwartet Sie eine moderne offene K\u00fcche mit Granitarbeitsplatte, Einbaumarkenger\u00e4ten (Geschirrsp\u00fcler, Backofen, Cerankochfeld, K\u00fchlschrank mit Gefrierfach) und entsprechenden Kleinger\u00e4ten wie Kaffeemaschine, Nespressomaschine, Toaster, Waffeleisen und Wasserkocher. Zu den weiteren Annehmlichkeiten des Wohnraumes geh\u00f6ren ein Flachbildfernseher und der kostenfreie Internetzugang \u00fcber WLAN. Die Schlafcouch bietet reichlich Platz f\u00fcr eine 3. Person. Das Schlafzimmer verf\u00fcgt \u00fcber ein komfortables 1,80 x 2,00 m gro\u00dfes Boxspringbett, einen gro\u00dfen Flachbildfernseher sowie einen Kleiderschrank und eine gro\u00dfz\u00fcgige Kommode. Das moderne Natursteinbad ist ausgestattet mit einer ebenerdigen Dusche, einer Fu\u00dfbodenheizung, einem fest installierten F\u00f6n, einem Handtuchtrockner und einem Kosmetikspiegel. Der gro\u00dfe Balkon ist vom Wohn- und Schlafzimmer aus begehbar. Er ist komplett \u00fcberdacht und windgesch\u00fctzt platziert. Hier k\u00f6nnen Sie Ihr Fr\u00fchst\u00fcck bei Morgensonne ausgiebig genie\u00dfen. Im Haus befindet sich ein Saunabereich mit einer ca. 10m\u00b2 gro\u00dfen Sauna, einer Dusche und einem Ruhebereich mit Liegen. Die Nutzung ist kostenlos. So ist die Wohnung auch in der kalten Jahreszeit eine Reise wert. F\u00fcr Ihren PKW steht ein wohnungseigener Parkplatz direkt am Haus kostenfrei w\u00e4hrend Ihres Aufenthaltes zur Verf\u00fcgung (max. PKW H\u00f6he 2,10 m). Im Au\u00dfenbereich befindet sich ein \u00fcberdachter, abschlie\u00dfbarer Fahrradunterstellplatz (begrenzte Kapazit\u00e4t). Im Haus gibt es eine M\u00fcnzwaschmaschine und einen M\u00fcnztrockner. B\u00fcgelbrett und B\u00fcgeleisen stehen in der Wohnung f\u00fcr sie bereit. Wenn Sie f\u00fcr einen entspannten Urlaub in Binz eine Ferienwohnung mit komfortabler Ausstattung suchen, ist die Ferienwohnung &#8222;Strandversteck&#8220; eine sehr gute Wahl. &nbsp; So k\u00f6nnen Sie buchen: 1. Hier k\u00f6nnen Sie Ihre Wunschurlaubszeiten direkt anfragen: Sie werden \u00fcber den Buchungskalender zum externen Partner weitergeleitet. Hier sehen Sie alle Informationen zu Preisen und verf\u00fcgbaren Zeiten. Sie k\u00f6nnen hier Ihre Wunschurlaubszeiten direkt anfragen: 2. Wenn Sie den pers\u00f6nlichen Kontakt w\u00fcnschen, k\u00f6nnen Sie uns gerne direkt anschreiben. Einfach eine Mail mit Ihren Buchungsw\u00fcnschen an \u201culrich.hacker@googlemail.com\u201c senden. Wir bearbeiten Ihre W\u00fcnsche gerne und zeitnah. Bei offenen Fragen rufen Sie einfach gerne an oder schreiben Sie uns eine Nachricht \u00fcber WhatsApp. Telefon: 0171 \/ 9754701 \u2013 Ihr Ansprechpartner ist Ulrich Hacker.<\/p>\n","protected":false},"author":2,"featured_media":9,"parent":0,"menu_order":0,"comment_status":"closed","ping_status":"closed","template":"templates\/template-full-width-blank.php","meta":{"footnotes":""},"class_list":["post-24","page","type-page","status-publish","has-post-thumbnail","hentry"],"_links":{"self":[{"href":"https:\/\/strandversteck-binz.de\/index.php?rest_route=\/wp\/v2\/pages\/24","targetHints":{"allow":["GET"]}}],"collection":[{"href":"https:\/\/strandversteck-binz.de\/index.php?rest_route=\/wp\/v2\/pages"}],"about":[{"href":"https:\/\/strandversteck-binz.de\/index.php?rest_route=\/wp\/v2\/types\/page"}],"author":[{"embeddable":true,"href":"https:\/\/strandversteck-binz.de\/index.php?rest_route=\/wp\/v2\/users\/2"}],"replies":[{"embeddable":true,"href":"https:\/\/strandversteck-binz.de\/index.php?rest_route=%2Fwp%2Fv2%2Fcomments&post=24"}],"version-history":[{"count":112,"href":"https:\/\/strandversteck-binz.de\/index.php?rest_route=\/wp\/v2\/pages\/24\/revisions"}],"predecessor-version":[{"id":557,"href":"https:\/\/strandversteck-binz.de\/index.php?rest_route=\/wp\/v2\/pages\/24\/revisions\/557"}],"wp:featuredmedia":[{"embeddable":true,"href":"https:\/\/strandversteck-binz.de\/index.php?rest_route=\/wp\/v2\/media\/9"}],"wp:attachment":[{"href":"https:\/\/strandversteck-binz.de\/index.php?rest_route=%2Fwp%2Fv2%2Fmedia&parent=24"}],"curies":[{"name":"wp","href":"https:\/\/api.w.org\/{rel}","templated":true}]}}