{"id":121,"date":"2025-07-16T16:21:18","date_gmt":"2025-07-16T16:21:18","guid":{"rendered":"https:\/\/strandversteck-binz.de\/?page_id=121"},"modified":"2026-02-22T09:33:59","modified_gmt":"2026-02-22T09:33:59","slug":"umgebung","status":"publish","type":"page","link":"https:\/\/strandversteck-binz.de\/?page_id=121","title":{"rendered":"Umgebung"},"content":{"rendered":"\n<figure class=\"wp-block-image size-large\"><img loading=\"lazy\" decoding=\"async\" width=\"1024\" height=\"319\" src=\"https:\/\/strandversteck-binz.de\/wp-content\/uploads\/2025\/07\/cropped-IMG_9324-1024x319.jpg\" alt=\"\" class=\"wp-image-152\" srcset=\"https:\/\/strandversteck-binz.de\/wp-content\/uploads\/2025\/07\/cropped-IMG_9324-1024x319.jpg 1024w, https:\/\/strandversteck-binz.de\/wp-content\/uploads\/2025\/07\/cropped-IMG_9324-300x93.jpg 300w, https:\/\/strandversteck-binz.de\/wp-content\/uploads\/2025\/07\/cropped-IMG_9324-768x239.jpg 768w, https:\/\/strandversteck-binz.de\/wp-content\/uploads\/2025\/07\/cropped-IMG_9324-1140x355.jpg 1140w, https:\/\/strandversteck-binz.de\/wp-content\/uploads\/2025\/07\/cropped-IMG_9324.jpg 1500w\" sizes=\"auto, (max-width: 1024px) 100vw, 1024px\" \/><\/figure>\n\n\n\n<p><strong>Sehnsuchtsort Binz. Willkommen auf der wundersch\u00f6nen Insel R\u00fcgen<\/strong><\/p>\n\n\n\n<p>Hier erwartet Sie eine vielf\u00e4ltige Mischung aus Natur, Kultur und Genuss \u2013 Binz hat zu jeder Jahreszeit seinen ganz eigenen Charme. Unsere Ferienwohnung ist der perfekte Ausgangspunkt, um die Sch\u00f6nheit und Vielfalt dieser einzigartigen Ostseeinsel zu entdecken. Ob Sie einen romantischen Kurzurlaub, eine Auszeit zu zweit oder einfach eine entspannte Auszeit vom Alltag suchen \u2013 hier sind Sie genau richtig.<\/p>\n\n\n\n<p>Binz ist bekannt f\u00fcr seinen langen, feinsandigen Strand und die B\u00e4derarchitektur und ist zu jeder Jahreszeit ein Erlebnis.<\/p>\n\n\n\n<p><strong>Im Fr\u00fchling, wenn die Natur langsam erwacht, l\u00e4dt die frische Meeresbrise zu langen Spazierg\u00e4ngen entlang der Strandpromenade ein.<\/strong> Die aufbl\u00fchende Landschaft und die sanften Sonnenstrahlen machen Lust auf Erkundungen. Ein besonderes Highlight ist ein Spaziergang auf der Seebr\u00fccke, bei dem Sie den Blick aufs weite Meer genie\u00dfen k\u00f6nnen. F\u00fcr eine kleine kulinarische Pause empfehlen wir die \u201eStrandhalle\u201c \u2013 ein Restaurant, das regionale Spezialit\u00e4ten in gem\u00fctlicher Atmosph\u00e4re serviert.<\/p>\n\n\n\n<p>Die ber\u00fchmten Kreidefelsen, die zum UNESCO-Weltnaturerbe geh\u00f6ren, sind ein absolutes Muss \u2013 entweder bei einer gef\u00fchrten Tour oder bei einer Wanderung durch den Nationalpark. F\u00fcr einen entspannten Tag bietet sich auch ein Ausflug nach Sassnitz an, wo Sie den Hafen erkunden k\u00f6nnen.<\/p>\n\n\n\n<p>Nach einem Tag voller Entdeckungen l\u00e4sst sich der Abend wunderbar in einer der Bars entlang der Strandpromenade ausklingen, wo Sie bei einem k\u00fchlen Getr\u00e4nk den Sonnenuntergang bewundern k\u00f6nnen.<\/p>\n\n\n\n<p><strong>Der Sommer in Binz ist perfekt f\u00fcr entspannte Tage am Strand, bei denen Sie einfach die Seele baumeln lassen k\u00f6nnen.<\/strong> Die Seebr\u00fccke ist ein beliebter Treffpunkt, um den Blick aufs Meer zu genie\u00dfen, und die feinsandigen Str\u00e4nde laden zum Verweilen ein.<\/p>\n\n\n\n<p>F\u00fcr einen abwechslungsreichen Tag lohnt sich auch ein Ausflug zum Kap Arkona, dem n\u00f6rdlichsten Punkt R\u00fcgens. Hier k\u00f6nnen Sie die beeindruckenden Kreidefelsen bewundern, den Leuchtturm besteigen und die Aussicht auf die Ostsee genie\u00dfen.<\/p>\n\n\n\n<p>Ein weiteres Highlight ist die Halbinsel M\u00f6nchgut, die mit ihren malerischen Fischerd\u00f6rfern und Naturstr\u00e4nden zum Erkunden einl\u00e4dt.<\/p>\n\n\n\n<p>Wenn die Sonne untergeht, verwandelt sich Binz in eine lebendige Kulisse: Die Bars entlang der Promenade bieten eine tolle Atmosph\u00e4re, um den Sommerabend zu genie\u00dfen. F\u00fcr ein leckeres Abendessen gibt es eine Vielzahl von Restaurants. F\u00fcr jede Geschmacksrichtung etwas.<\/p>\n\n\n\n<p><strong>Im Herbst zeigt Binz eine ganz besondere Seite: Die Natur f\u00e4rbt sich in warme T\u00f6ne und die ruhigen Str\u00e4nde sind ideal f\u00fcr ausgedehnte Spazierg\u00e4nge.<\/strong> Ein Ausflug nach Putbus, der \u201eWei\u00dfen Stadt\u201c, lohnt sich, um die charmante Architektur und den sch\u00f6nen Park zu entdecken.<\/p>\n\n\n\n<p>Auch die Kreidefelsen im Nationalpark Jasmund sind im Herbst besonders beeindruckend, wenn sie in goldenes Licht getaucht sind.<\/p>\n\n\n\n<p>Auch in dieser Zeit ist die Seebr\u00fccke ein beliebter Treffpunkt. F\u00fcr eine kleine St\u00e4rkung zwischendurch finden Sie rundherum viele Restaurants. Abends k\u00f6nnen Sie in einer der gem\u00fctlichen Bars bei einem Gl\u00fchwein oder einem Cocktail den Blick aufs Meer genie\u00dfen und die entspannte Atmosph\u00e4re auf sich wirken lassen.<\/p>\n\n\n\n<p><strong>Der Winter bringt eine ruhige, fast magische Atmosph\u00e4re.<\/strong> Die Strandpromenade ist wenig besucht, was die Spazierg\u00e4nge besonders entspannt macht.<\/p>\n\n\n\n<p>Ein Ausflug zum nahegelegenen Jagdschloss Granitz bietet eine tolle Aussicht auf die winterliche Landschaft. Nach dem Ausflug oder einem ausgiebigen Spaziergang k\u00f6nnen Sie sich in unserer hauseigenen Sauna entspannen.<\/p>\n\n\n\n<p>Neben den Naturerlebnissen bietet Binz auch kulturelle Highlights. Das Kurhaus mit seinem historischen Charme ist ein beliebter Treffpunkt f\u00fcr Veranstaltungen, Konzerte und Ausstellungen. Das Heimatmuseum gibt Einblicke in die Geschichte der Insel und des Ortes. F\u00fcr Kunstliebhaber gibt es zahlreiche Galerien.<\/p>\n\n\n\n<p class=\"has-text-align-center\"><strong>Egal zu welcher Jahreszeit oder Tageszeit \u2013 Binz auf R\u00fcgen hat immer etwas zu bieten. Genie\u00dfen Sie die Natur, die kulinarischen Highlights und die entspannte Atmosph\u00e4re. <\/strong><\/p>\n\n\n\n<p class=\"has-text-align-center\"><strong>Wir w\u00fcnschen Ihnen eine wundervolle Zeit auf dieser einzigartigen Insel!<\/strong><\/p>\n\n\n\n<figure class=\"wp-block-image size-large\"><img loading=\"lazy\" decoding=\"async\" width=\"1024\" height=\"338\" src=\"https:\/\/strandversteck-binz.de\/wp-content\/uploads\/2025\/07\/Meer_in_Binz-1-1024x338.jpg\" alt=\"\" class=\"wp-image-246\" srcset=\"https:\/\/strandversteck-binz.de\/wp-content\/uploads\/2025\/07\/Meer_in_Binz-1-1024x338.jpg 1024w, https:\/\/strandversteck-binz.de\/wp-content\/uploads\/2025\/07\/Meer_in_Binz-1-300x99.jpg 300w, https:\/\/strandversteck-binz.de\/wp-content\/uploads\/2025\/07\/Meer_in_Binz-1-768x254.jpg 768w, https:\/\/strandversteck-binz.de\/wp-content\/uploads\/2025\/07\/Meer_in_Binz-1-1536x507.jpg 1536w, https:\/\/strandversteck-binz.de\/wp-content\/uploads\/2025\/07\/Meer_in_Binz-1-2048x677.jpg 2048w, https:\/\/strandversteck-binz.de\/wp-content\/uploads\/2025\/07\/Meer_in_Binz-1-1140x377.jpg 1140w\" sizes=\"auto, (max-width: 1024px) 100vw, 1024px\" \/><\/figure>\n","protected":false},"excerpt":{"rendered":"<p>Sehnsuchtsort Binz. Willkommen auf der wundersch\u00f6nen Insel R\u00fcgen Hier erwartet Sie eine vielf\u00e4ltige Mischung aus Natur, Kultur und Genuss \u2013 Binz hat zu jeder Jahreszeit seinen ganz eigenen Charme. Unsere Ferienwohnung ist der perfekte Ausgangspunkt, um die Sch\u00f6nheit und Vielfalt dieser einzigartigen Ostseeinsel zu entdecken. Ob Sie einen romantischen Kurzurlaub, eine Auszeit zu zweit oder einfach eine entspannte Auszeit vom Alltag suchen \u2013 hier sind Sie genau richtig. Binz ist bekannt f\u00fcr seinen langen, feinsandigen Strand und die B\u00e4derarchitektur und ist zu jeder Jahreszeit ein Erlebnis. Im Fr\u00fchling, wenn die Natur langsam erwacht, l\u00e4dt die frische Meeresbrise zu langen Spazierg\u00e4ngen entlang der Strandpromenade ein. Die aufbl\u00fchende Landschaft und die sanften Sonnenstrahlen machen Lust auf Erkundungen. Ein besonderes Highlight ist ein Spaziergang auf der Seebr\u00fccke, bei dem Sie den Blick aufs weite Meer genie\u00dfen k\u00f6nnen. F\u00fcr eine kleine kulinarische Pause empfehlen wir die \u201eStrandhalle\u201c \u2013 ein Restaurant, das regionale Spezialit\u00e4ten in gem\u00fctlicher Atmosph\u00e4re serviert. Die ber\u00fchmten Kreidefelsen, die zum UNESCO-Weltnaturerbe geh\u00f6ren, sind ein absolutes Muss \u2013 entweder bei einer gef\u00fchrten Tour oder bei einer Wanderung durch den Nationalpark. F\u00fcr einen entspannten Tag bietet sich auch ein Ausflug nach Sassnitz an, wo Sie den Hafen erkunden k\u00f6nnen. Nach einem Tag voller Entdeckungen l\u00e4sst sich der Abend wunderbar in einer der Bars entlang der Strandpromenade ausklingen, wo Sie bei einem k\u00fchlen Getr\u00e4nk den Sonnenuntergang bewundern k\u00f6nnen. Der Sommer in Binz ist perfekt f\u00fcr entspannte Tage am Strand, bei denen Sie einfach die Seele baumeln lassen k\u00f6nnen. Die Seebr\u00fccke ist ein beliebter Treffpunkt, um den Blick aufs Meer zu genie\u00dfen, und die feinsandigen Str\u00e4nde laden zum Verweilen ein. F\u00fcr einen abwechslungsreichen Tag lohnt sich auch ein Ausflug zum Kap Arkona, dem n\u00f6rdlichsten Punkt R\u00fcgens. Hier k\u00f6nnen Sie die beeindruckenden Kreidefelsen bewundern, den Leuchtturm besteigen und die Aussicht auf die Ostsee genie\u00dfen. Ein weiteres Highlight ist die Halbinsel M\u00f6nchgut, die mit ihren malerischen Fischerd\u00f6rfern und Naturstr\u00e4nden zum Erkunden einl\u00e4dt. Wenn die Sonne untergeht, verwandelt sich Binz in eine lebendige Kulisse: Die Bars entlang der Promenade bieten eine tolle Atmosph\u00e4re, um den Sommerabend zu genie\u00dfen. F\u00fcr ein leckeres Abendessen gibt es eine Vielzahl von Restaurants. F\u00fcr jede Geschmacksrichtung etwas. Im Herbst zeigt Binz eine ganz besondere Seite: Die Natur f\u00e4rbt sich in warme T\u00f6ne und die ruhigen Str\u00e4nde sind ideal f\u00fcr ausgedehnte Spazierg\u00e4nge. Ein Ausflug nach Putbus, der \u201eWei\u00dfen Stadt\u201c, lohnt sich, um die charmante Architektur und den sch\u00f6nen Park zu entdecken. Auch die Kreidefelsen im Nationalpark Jasmund sind im Herbst besonders beeindruckend, wenn sie in goldenes Licht getaucht sind. Auch in dieser Zeit ist die Seebr\u00fccke ein beliebter Treffpunkt. F\u00fcr eine kleine St\u00e4rkung zwischendurch finden Sie rundherum viele Restaurants. Abends k\u00f6nnen Sie in einer der gem\u00fctlichen Bars bei einem Gl\u00fchwein oder einem Cocktail den Blick aufs Meer genie\u00dfen und die entspannte Atmosph\u00e4re auf sich wirken lassen. Der Winter bringt eine ruhige, fast magische Atmosph\u00e4re. Die Strandpromenade ist wenig besucht, was die Spazierg\u00e4nge besonders entspannt macht. Ein Ausflug zum nahegelegenen Jagdschloss Granitz bietet eine tolle Aussicht auf die winterliche Landschaft. Nach dem Ausflug oder einem ausgiebigen Spaziergang k\u00f6nnen Sie sich in unserer hauseigenen Sauna entspannen. Neben den Naturerlebnissen bietet Binz auch kulturelle Highlights. Das Kurhaus mit seinem historischen Charme ist ein beliebter Treffpunkt f\u00fcr Veranstaltungen, Konzerte und Ausstellungen. Das Heimatmuseum gibt Einblicke in die Geschichte der Insel und des Ortes. F\u00fcr Kunstliebhaber gibt es zahlreiche Galerien. Egal zu welcher Jahreszeit oder Tageszeit \u2013 Binz auf R\u00fcgen hat immer etwas zu bieten. Genie\u00dfen Sie die Natur, die kulinarischen Highlights und die entspannte Atmosph\u00e4re. Wir w\u00fcnschen Ihnen eine wundervolle Zeit auf dieser einzigartigen Insel!<\/p>\n","protected":false},"author":2,"featured_media":0,"parent":0,"menu_order":0,"comment_status":"closed","ping_status":"closed","template":"templates\/template-full-width-blank.php","meta":{"footnotes":""},"class_list":["post-121","page","type-page","status-publish","hentry"],"_links":{"self":[{"href":"https:\/\/strandversteck-binz.de\/index.php?rest_route=\/wp\/v2\/pages\/121","targetHints":{"allow":["GET"]}}],"collection":[{"href":"https:\/\/strandversteck-binz.de\/index.php?rest_route=\/wp\/v2\/pages"}],"about":[{"href":"https:\/\/strandversteck-binz.de\/index.php?rest_route=\/wp\/v2\/types\/page"}],"author":[{"embeddable":true,"href":"https:\/\/strandversteck-binz.de\/index.php?rest_route=\/wp\/v2\/users\/2"}],"replies":[{"embeddable":true,"href":"https:\/\/strandversteck-binz.de\/index.php?rest_route=%2Fwp%2Fv2%2Fcomments&post=121"}],"version-history":[{"count":24,"href":"https:\/\/strandversteck-binz.de\/index.php?rest_route=\/wp\/v2\/pages\/121\/revisions"}],"predecessor-version":[{"id":526,"href":"https:\/\/strandversteck-binz.de\/index.php?rest_route=\/wp\/v2\/pages\/121\/revisions\/526"}],"wp:attachment":[{"href":"https:\/\/strandversteck-binz.de\/index.php?rest_route=%2Fwp%2Fv2%2Fmedia&parent=121"}],"curies":[{"name":"wp","href":"https:\/\/api.w.org\/{rel}","templated":true}]}}